{"id":4434,"date":"2022-01-23T11:34:03","date_gmt":"2022-01-23T10:34:03","guid":{"rendered":"http:\/\/lefrenchquarter.com.au\/?post_type=product&#038;p=4434"},"modified":"2025-12-24T13:30:55","modified_gmt":"2025-12-24T05:30:55","slug":"whole-duck-foie-gras-maison-godard","status":"publish","type":"product","link":"https:\/\/lefrenchquarter.com.au\/?product=whole-duck-foie-gras-maison-godard","title":{"rendered":"Whole Duck Foie Gras Maison Godard \u2013 180gr"},"content":{"rendered":"<p>Whole Foie Gras: a lobe or a part of a lobe. This delicacy is highly regarded as the noblest product you can find. It is universally enjoyed by connoisseurs who appreciate its authenticity.<\/p>\n<p>Our whole duck foie gras is from the P\u00e9rigord, a traditional and ancestral recipe that will delight all gourmets. It comes from duck raised in open-air farms in the P\u00e9rigord. Made from one fresh liver rigorously selected for its exceptional quality, it is then seasoned and prepared by hand. Finely sliced, enhanced with a touch of salt and pepper. Discover the taste of French tradition with our delicious foie gras that would illuminate your dishes.<\/p>\n<p><em><strong>Ingredients <\/strong>:<\/em> <em>Duck foie gras, salt, pepper.<\/em><\/p>\n<p><strong><em>Storage and degustation<\/em> <\/strong>: <em>Store in a dry place at ambient temperature. Preferably place in the refrigerator for a couple of hours before consumption. After opening, keep refrigerated and eat within 2 days.<\/em><\/p>\n<p><strong>PRODUCT OF FRANCE<\/strong><\/p>\n","protected":false},"excerpt":{"rendered":"<h6>Whole Foie Gras (Foie Gras entier) from the South-West of France &#8211; Maison Godard , 180gr Glass Jar<\/h6>\n<h6>No coloring and no preservatives.<\/h6>\n<p><!--more--><\/p>\n","protected":false},"featured_media":4652,"comment_status":"open","ping_status":"closed","template":"","meta":[],"product_cat":[37,38],"product_tag":[],"class_list":{"0":"post-4434","1":"product","2":"type-product","3":"status-publish","4":"has-post-thumbnail","6":"product_cat-food","7":"product_cat-foie-gras","9":"first","10":"outofstock","11":"purchasable","12":"product-type-simple"},"jetpack_sharing_enabled":true,"jetpack-related-posts":[{"id":5002,"url":"https:\/\/lefrenchquarter.com.au\/?product=whole-duck-foie-gras-with-2-peppers-125gr","url_meta":{"origin":4434,"position":0},"title":"Whole Duck Foie Gras with 2 peppers \u2013 125gr","author":"rvphalippou","date":"18 January 2025","format":false,"excerpt":"Whole Foie Gras (Foie Gras entier) from the South-West of France with Jamaican and black peppers - Maison Godard , 125gr Glass Jar No coloring and no preservatives.","rel":"","context":"Similar post","block_context":{"text":"Similar post","link":""},"img":{"alt_text":"","src":"https:\/\/i0.wp.com\/lefrenchquarter.com.au\/wp-content\/uploads\/2025\/01\/foie-gras-de-canard-entier-du-sud-ouest-aux-2-poivres-bocal-180g.jpg?fit=1200%2C1200&ssl=1&resize=350%2C200","width":350,"height":200,"srcset":"https:\/\/i0.wp.com\/lefrenchquarter.com.au\/wp-content\/uploads\/2025\/01\/foie-gras-de-canard-entier-du-sud-ouest-aux-2-poivres-bocal-180g.jpg?fit=1200%2C1200&ssl=1&resize=350%2C200 1x, https:\/\/i0.wp.com\/lefrenchquarter.com.au\/wp-content\/uploads\/2025\/01\/foie-gras-de-canard-entier-du-sud-ouest-aux-2-poivres-bocal-180g.jpg?fit=1200%2C1200&ssl=1&resize=525%2C300 1.5x, https:\/\/i0.wp.com\/lefrenchquarter.com.au\/wp-content\/uploads\/2025\/01\/foie-gras-de-canard-entier-du-sud-ouest-aux-2-poivres-bocal-180g.jpg?fit=1200%2C1200&ssl=1&resize=700%2C400 2x, https:\/\/i0.wp.com\/lefrenchquarter.com.au\/wp-content\/uploads\/2025\/01\/foie-gras-de-canard-entier-du-sud-ouest-aux-2-poivres-bocal-180g.jpg?fit=1200%2C1200&ssl=1&resize=1050%2C600 3x"},"classes":[]},{"id":4321,"url":"https:\/\/lefrenchquarter.com.au\/?product=whole-duck-foie-gras-from-the-southwest-of-france-maison-godard","url_meta":{"origin":4434,"position":1},"title":"Whole Duck Foie Gras Maison Godard \u2013 125 gr","author":"lefrenchquarter","date":"22 August 2021","format":false,"excerpt":"Whole Foie Gras (Foie Gras entier) from the South-West of France - Maison Godard , 125gr Glass Jar No coloring and no preservatives","rel":"","context":"Similar post","block_context":{"text":"Similar post","link":""},"img":{"alt_text":"","src":"https:\/\/i0.wp.com\/lefrenchquarter.com.au\/wp-content\/uploads\/2022\/01\/foie-gras-de-canard-entier-du-sud-ouest-en-bocal-godard.jpg?fit=800%2C800&ssl=1&resize=350%2C200","width":350,"height":200,"srcset":"https:\/\/i0.wp.com\/lefrenchquarter.com.au\/wp-content\/uploads\/2022\/01\/foie-gras-de-canard-entier-du-sud-ouest-en-bocal-godard.jpg?fit=800%2C800&ssl=1&resize=350%2C200 1x, https:\/\/i0.wp.com\/lefrenchquarter.com.au\/wp-content\/uploads\/2022\/01\/foie-gras-de-canard-entier-du-sud-ouest-en-bocal-godard.jpg?fit=800%2C800&ssl=1&resize=525%2C300 1.5x, https:\/\/i0.wp.com\/lefrenchquarter.com.au\/wp-content\/uploads\/2022\/01\/foie-gras-de-canard-entier-du-sud-ouest-en-bocal-godard.jpg?fit=800%2C800&ssl=1&resize=700%2C400 2x"},"classes":[]},{"id":4998,"url":"https:\/\/lefrenchquarter.com.au\/?product=whole-duck-foie-gras-with-jurancon-sweet-white-wine-90-gr","url_meta":{"origin":4434,"position":2},"title":"Whole Duck Foie Gras with Jurancon sweet white wine \u2013 90 gr","author":"rvphalippou","date":"18 January 2025","format":false,"excerpt":"Whole Foie Gras (Foie Gras entier) from the South-West of France with Jurancon wine - Maison Godard , 90gr Glass Jar No coloring and no preservatives","rel":"","context":"Similar post","block_context":{"text":"Similar post","link":""},"img":{"alt_text":"","src":"https:\/\/i0.wp.com\/lefrenchquarter.com.au\/wp-content\/uploads\/2025\/01\/foie-gras-de-canard-entier-du-perigord-au-jurancon-90g.jpg?fit=1200%2C1200&ssl=1&resize=350%2C200","width":350,"height":200,"srcset":"https:\/\/i0.wp.com\/lefrenchquarter.com.au\/wp-content\/uploads\/2025\/01\/foie-gras-de-canard-entier-du-perigord-au-jurancon-90g.jpg?fit=1200%2C1200&ssl=1&resize=350%2C200 1x, https:\/\/i0.wp.com\/lefrenchquarter.com.au\/wp-content\/uploads\/2025\/01\/foie-gras-de-canard-entier-du-perigord-au-jurancon-90g.jpg?fit=1200%2C1200&ssl=1&resize=525%2C300 1.5x, https:\/\/i0.wp.com\/lefrenchquarter.com.au\/wp-content\/uploads\/2025\/01\/foie-gras-de-canard-entier-du-perigord-au-jurancon-90g.jpg?fit=1200%2C1200&ssl=1&resize=700%2C400 2x, https:\/\/i0.wp.com\/lefrenchquarter.com.au\/wp-content\/uploads\/2025\/01\/foie-gras-de-canard-entier-du-perigord-au-jurancon-90g.jpg?fit=1200%2C1200&ssl=1&resize=1050%2C600 3x"},"classes":[]},{"id":5000,"url":"https:\/\/lefrenchquarter.com.au\/?product=whole-duck-foie-gras-with-monbazillac-sweet-white-wine-180-gr","url_meta":{"origin":4434,"position":3},"title":"Whole Duck Foie Gras with Monbazillac sweet white wine \u2013 180 gr","author":"rvphalippou","date":"18 January 2025","format":false,"excerpt":"Whole Foie Gras (Foie Gras entier) from the South-West of France with Monbazillac sweet white wine - Maison Godard, 180gr Glass Jar No coloring and no preservatives","rel":"","context":"Similar post","block_context":{"text":"Similar post","link":""},"img":{"alt_text":"","src":"https:\/\/i0.wp.com\/lefrenchquarter.com.au\/wp-content\/uploads\/2025\/01\/foie-gras-de-canard-entier-montbazillac180.jpg?fit=550%2C550&ssl=1&resize=350%2C200","width":350,"height":200,"srcset":"https:\/\/i0.wp.com\/lefrenchquarter.com.au\/wp-content\/uploads\/2025\/01\/foie-gras-de-canard-entier-montbazillac180.jpg?fit=550%2C550&ssl=1&resize=350%2C200 1x, https:\/\/i0.wp.com\/lefrenchquarter.com.au\/wp-content\/uploads\/2025\/01\/foie-gras-de-canard-entier-montbazillac180.jpg?fit=550%2C550&ssl=1&resize=525%2C300 1.5x"},"classes":[]},{"id":4840,"url":"https:\/\/lefrenchquarter.com.au\/?product=pate-with-20-duck-foie-gras-125gr-jar","url_meta":{"origin":4434,"position":4},"title":"P\u00e2t\u00e9 with 20% Duck Foie Gras &#8211; 125gr (Jar)","author":"rvphalippou","date":"28 January 2023","format":false,"excerpt":"P\u00e2t\u00e9 with 20% Duck Foie Gras - Maison Godard, 125gr (jar)","rel":"","context":"Similar post","block_context":{"text":"Similar post","link":""},"img":{"alt_text":"","src":"https:\/\/i0.wp.com\/lefrenchquarter.com.au\/wp-content\/uploads\/2023\/01\/PateAncienne20FG_125.jpg?fit=700%2C706&ssl=1&resize=350%2C200","width":350,"height":200,"srcset":"https:\/\/i0.wp.com\/lefrenchquarter.com.au\/wp-content\/uploads\/2023\/01\/PateAncienne20FG_125.jpg?fit=700%2C706&ssl=1&resize=350%2C200 1x, https:\/\/i0.wp.com\/lefrenchquarter.com.au\/wp-content\/uploads\/2023\/01\/PateAncienne20FG_125.jpg?fit=700%2C706&ssl=1&resize=525%2C300 1.5x, https:\/\/i0.wp.com\/lefrenchquarter.com.au\/wp-content\/uploads\/2023\/01\/PateAncienne20FG_125.jpg?fit=700%2C706&ssl=1&resize=700%2C400 2x"},"classes":[]},{"id":5036,"url":"https:\/\/lefrenchquarter.com.au\/?product=pate-perigourdin-terrine-with-20-duck-foie-gras","url_meta":{"origin":4434,"position":5},"title":"P\u00e2t\u00e9 P\u00e9rigourdin &#8211; Terrine with 20% Duck Foie Gras","author":"rvphalippou","date":"1 March 2025","format":false,"excerpt":"Duck Liver Terrine with 20% Duck Foie Gras - Maison Godard , 200gr","rel":"","context":"Similar post","block_context":{"text":"Similar post","link":""},"img":{"alt_text":"","src":"https:\/\/i0.wp.com\/lefrenchquarter.com.au\/wp-content\/uploads\/2025\/03\/pateperigourdin_200.jpg?fit=400%2C400&ssl=1&resize=350%2C200","width":350,"height":200},"classes":[]}],"_links":{"self":[{"href":"https:\/\/lefrenchquarter.com.au\/index.php?rest_route=\/wp\/v2\/product\/4434","targetHints":{"allow":["GET"]}}],"collection":[{"href":"https:\/\/lefrenchquarter.com.au\/index.php?rest_route=\/wp\/v2\/product"}],"about":[{"href":"https:\/\/lefrenchquarter.com.au\/index.php?rest_route=\/wp\/v2\/types\/product"}],"replies":[{"embeddable":true,"href":"https:\/\/lefrenchquarter.com.au\/index.php?rest_route=%2Fwp%2Fv2%2Fcomments&post=4434"}],"wp:featuredmedia":[{"embeddable":true,"href":"https:\/\/lefrenchquarter.com.au\/index.php?rest_route=\/wp\/v2\/media\/4652"}],"wp:attachment":[{"href":"https:\/\/lefrenchquarter.com.au\/index.php?rest_route=%2Fwp%2Fv2%2Fmedia&parent=4434"}],"wp:term":[{"taxonomy":"product_cat","embeddable":true,"href":"https:\/\/lefrenchquarter.com.au\/index.php?rest_route=%2Fwp%2Fv2%2Fproduct_cat&post=4434"},{"taxonomy":"product_tag","embeddable":true,"href":"https:\/\/lefrenchquarter.com.au\/index.php?rest_route=%2Fwp%2Fv2%2Fproduct_tag&post=4434"}],"curies":[{"name":"wp","href":"https:\/\/api.w.org\/{rel}","templated":true}]}}