{"id":4824,"date":"2023-01-28T11:52:50","date_gmt":"2023-01-28T03:52:50","guid":{"rendered":"https:\/\/lefrenchquarter.com.au\/?post_type=product&#038;p=4824"},"modified":"2026-03-25T21:47:23","modified_gmt":"2026-03-25T13:47:23","slug":"duck-sausages-whith-lentils-and-espelette-pepper","status":"publish","type":"product","link":"https:\/\/lefrenchquarter.com.au\/?product=duck-sausages-whith-lentils-and-espelette-pepper","title":{"rendered":"Duck Sausages with Lentils and Espelette Pepper"},"content":{"rendered":"<p>Duck Sausage with Lentils and Espelette Pepper is a typical dish with Southwest accents.<\/p>\n<p><em><strong>Serve<\/strong> : 2 pers.<\/em><\/p>\n<p><em><strong>Ingredients<\/strong> : Duck sausage 30% (pork meat origin France), duck meat (origin France), salt, pepper, lentils 30%, tomato, pork chest (origin France). Sauce : duck stock, salt, wheat flour, duck fat, white roux (celery, wheat), pepper, Espelette chili pepper.<\/em><\/p>\n<p><strong>PRODUCT OF FRANCE<\/strong><\/p>\n","protected":false},"excerpt":{"rendered":"<h6 class=\"pageTitle level-1\">Duck Sausages with Lentils and Espelette Pepper &#8211; Maison Godard, 820 gr<\/h6>\n<p><!--more--><\/p>\n","protected":false},"featured_media":4825,"comment_status":"open","ping_status":"closed","template":"","meta":[],"product_cat":[37,42],"product_tag":[],"class_list":{"0":"post-4824","1":"product","2":"type-product","3":"status-publish","4":"has-post-thumbnail","6":"product_cat-food","7":"product_cat-readymade-meals","8":"product_shipping_class-heavy","10":"first","11":"instock","12":"purchasable","13":"product-type-simple"},"jetpack_sharing_enabled":true,"jetpack-related-posts":[{"id":4827,"url":"https:\/\/lefrenchquarter.com.au\/?product=gastronomic-cassoulet-with-duck-confit-1500gr","url_meta":{"origin":4824,"position":0},"title":"Gastronomic Cassoulet with Duck Confit &#8211; 1,500gr","author":"rvphalippou","date":"28 January 2023","format":false,"excerpt":"Gastronomic Cassoulet with Duck Confit - Maison Godard, 1,500gr","rel":"","context":"Similar post","block_context":{"text":"Similar post","link":""},"img":{"alt_text":"","src":"https:\/\/i0.wp.com\/lefrenchquarter.com.au\/wp-content\/uploads\/2023\/01\/I-Grande-2942-cassoulet-with-goose-confit.net_.jpg?fit=600%2C399&ssl=1&resize=350%2C200","width":350,"height":200,"srcset":"https:\/\/i0.wp.com\/lefrenchquarter.com.au\/wp-content\/uploads\/2023\/01\/I-Grande-2942-cassoulet-with-goose-confit.net_.jpg?fit=600%2C399&ssl=1&resize=350%2C200 1x, https:\/\/i0.wp.com\/lefrenchquarter.com.au\/wp-content\/uploads\/2023\/01\/I-Grande-2942-cassoulet-with-goose-confit.net_.jpg?fit=600%2C399&ssl=1&resize=525%2C300 1.5x"},"classes":[]},{"id":4478,"url":"https:\/\/lefrenchquarter.com.au\/?product=cassoulet-with-duck-confit-maison-godard-2","url_meta":{"origin":4824,"position":1},"title":"Cassoulet with Duck Confit &#8211; 840gr","author":"rvphalippou","date":"30 January 2022","format":false,"excerpt":"Cassoulet with Duck Confit - Maison Godard, 840gr \u00a0","rel":"","context":"Similar post","block_context":{"text":"Similar post","link":""},"img":{"alt_text":"","src":"https:\/\/i0.wp.com\/lefrenchquarter.com.au\/wp-content\/uploads\/2022\/01\/I-Autre-3533_563x563-cassoulet-with-duck-confit.net_.jpg?fit=563%2C375&ssl=1&resize=350%2C200","width":350,"height":200,"srcset":"https:\/\/i0.wp.com\/lefrenchquarter.com.au\/wp-content\/uploads\/2022\/01\/I-Autre-3533_563x563-cassoulet-with-duck-confit.net_.jpg?fit=563%2C375&ssl=1&resize=350%2C200 1x, https:\/\/i0.wp.com\/lefrenchquarter.com.au\/wp-content\/uploads\/2022\/01\/I-Autre-3533_563x563-cassoulet-with-duck-confit.net_.jpg?fit=563%2C375&ssl=1&resize=525%2C300 1.5x"},"classes":[]},{"id":4476,"url":"https:\/\/lefrenchquarter.com.au\/?product=cassoulet-with-duck-confit-maison-godard","url_meta":{"origin":4824,"position":2},"title":"Cassoulet with Duck Confit &#8211; 420gr","author":"rvphalippou","date":"30 January 2022","format":false,"excerpt":"Cassoulet with Duck Confit - Maison Godard, 420gr","rel":"","context":"Similar post","block_context":{"text":"Similar post","link":""},"img":{"alt_text":"","src":"https:\/\/i0.wp.com\/lefrenchquarter.com.au\/wp-content\/uploads\/2022\/01\/FICHE-9-CASSOULET-AU-CONFIT-DE-CANARD-3-e1645455089989.jpg?fit=640%2C794&ssl=1&resize=350%2C200","width":350,"height":200,"srcset":"https:\/\/i0.wp.com\/lefrenchquarter.com.au\/wp-content\/uploads\/2022\/01\/FICHE-9-CASSOULET-AU-CONFIT-DE-CANARD-3-e1645455089989.jpg?fit=640%2C794&ssl=1&resize=350%2C200 1x, https:\/\/i0.wp.com\/lefrenchquarter.com.au\/wp-content\/uploads\/2022\/01\/FICHE-9-CASSOULET-AU-CONFIT-DE-CANARD-3-e1645455089989.jpg?fit=640%2C794&ssl=1&resize=525%2C300 1.5x"},"classes":[]},{"id":5036,"url":"https:\/\/lefrenchquarter.com.au\/?product=pate-perigourdin-terrine-with-20-duck-foie-gras","url_meta":{"origin":4824,"position":3},"title":"P\u00e2t\u00e9 P\u00e9rigourdin &#8211; Terrine with 20% Duck Foie Gras","author":"rvphalippou","date":"1 March 2025","format":false,"excerpt":"Duck Liver Terrine with 20% Duck Foie Gras - Maison Godard , 200gr","rel":"","context":"Similar post","block_context":{"text":"Similar post","link":""},"img":{"alt_text":"","src":"https:\/\/i0.wp.com\/lefrenchquarter.com.au\/wp-content\/uploads\/2025\/03\/pateperigourdin_200.jpg?fit=400%2C400&ssl=1&resize=350%2C200","width":350,"height":200},"classes":[]},{"id":4840,"url":"https:\/\/lefrenchquarter.com.au\/?product=pate-with-20-duck-foie-gras-125gr-jar","url_meta":{"origin":4824,"position":4},"title":"P\u00e2t\u00e9 with 20% Duck Foie Gras &#8211; 125gr (Jar)","author":"rvphalippou","date":"28 January 2023","format":false,"excerpt":"P\u00e2t\u00e9 with 20% Duck Foie Gras - Maison Godard, 125gr (jar)","rel":"","context":"Similar post","block_context":{"text":"Similar post","link":""},"img":{"alt_text":"","src":"https:\/\/i0.wp.com\/lefrenchquarter.com.au\/wp-content\/uploads\/2023\/01\/PateAncienne20FG_125.jpg?fit=700%2C706&ssl=1&resize=350%2C200","width":350,"height":200,"srcset":"https:\/\/i0.wp.com\/lefrenchquarter.com.au\/wp-content\/uploads\/2023\/01\/PateAncienne20FG_125.jpg?fit=700%2C706&ssl=1&resize=350%2C200 1x, https:\/\/i0.wp.com\/lefrenchquarter.com.au\/wp-content\/uploads\/2023\/01\/PateAncienne20FG_125.jpg?fit=700%2C706&ssl=1&resize=525%2C300 1.5x, https:\/\/i0.wp.com\/lefrenchquarter.com.au\/wp-content\/uploads\/2023\/01\/PateAncienne20FG_125.jpg?fit=700%2C706&ssl=1&resize=700%2C400 2x"},"classes":[]},{"id":5010,"url":"https:\/\/lefrenchquarter.com.au\/?product=duck-rillettes-130gr","url_meta":{"origin":4824,"position":5},"title":"Duck Rillettes &#8211; 130gr","author":"rvphalippou","date":"19 January 2025","format":false,"excerpt":"Duck Rillettes - Maison Godard , 130gr","rel":"","context":"Similar post","block_context":{"text":"Similar post","link":""},"img":{"alt_text":"","src":"https:\/\/i0.wp.com\/lefrenchquarter.com.au\/wp-content\/uploads\/2022\/01\/rillettes-de-canard-godard-scaled.jpg?fit=1200%2C803&ssl=1&resize=350%2C200","width":350,"height":200,"srcset":"https:\/\/i0.wp.com\/lefrenchquarter.com.au\/wp-content\/uploads\/2022\/01\/rillettes-de-canard-godard-scaled.jpg?fit=1200%2C803&ssl=1&resize=350%2C200 1x, https:\/\/i0.wp.com\/lefrenchquarter.com.au\/wp-content\/uploads\/2022\/01\/rillettes-de-canard-godard-scaled.jpg?fit=1200%2C803&ssl=1&resize=525%2C300 1.5x, https:\/\/i0.wp.com\/lefrenchquarter.com.au\/wp-content\/uploads\/2022\/01\/rillettes-de-canard-godard-scaled.jpg?fit=1200%2C803&ssl=1&resize=700%2C400 2x, https:\/\/i0.wp.com\/lefrenchquarter.com.au\/wp-content\/uploads\/2022\/01\/rillettes-de-canard-godard-scaled.jpg?fit=1200%2C803&ssl=1&resize=1050%2C600 3x"},"classes":[]}],"_links":{"self":[{"href":"https:\/\/lefrenchquarter.com.au\/index.php?rest_route=\/wp\/v2\/product\/4824","targetHints":{"allow":["GET"]}}],"collection":[{"href":"https:\/\/lefrenchquarter.com.au\/index.php?rest_route=\/wp\/v2\/product"}],"about":[{"href":"https:\/\/lefrenchquarter.com.au\/index.php?rest_route=\/wp\/v2\/types\/product"}],"replies":[{"embeddable":true,"href":"https:\/\/lefrenchquarter.com.au\/index.php?rest_route=%2Fwp%2Fv2%2Fcomments&post=4824"}],"wp:featuredmedia":[{"embeddable":true,"href":"https:\/\/lefrenchquarter.com.au\/index.php?rest_route=\/wp\/v2\/media\/4825"}],"wp:attachment":[{"href":"https:\/\/lefrenchquarter.com.au\/index.php?rest_route=%2Fwp%2Fv2%2Fmedia&parent=4824"}],"wp:term":[{"taxonomy":"product_cat","embeddable":true,"href":"https:\/\/lefrenchquarter.com.au\/index.php?rest_route=%2Fwp%2Fv2%2Fproduct_cat&post=4824"},{"taxonomy":"product_tag","embeddable":true,"href":"https:\/\/lefrenchquarter.com.au\/index.php?rest_route=%2Fwp%2Fv2%2Fproduct_tag&post=4824"}],"curies":[{"name":"wp","href":"https:\/\/api.w.org\/{rel}","templated":true}]}}