{"id":5010,"date":"2025-01-19T22:39:55","date_gmt":"2025-01-19T14:39:55","guid":{"rendered":"https:\/\/lefrenchquarter.com.au\/?post_type=product&#038;p=5010"},"modified":"2025-01-19T22:46:15","modified_gmt":"2025-01-19T14:46:15","slug":"duck-rillettes-130gr","status":"publish","type":"product","link":"https:\/\/lefrenchquarter.com.au\/?product=duck-rillettes-130gr","title":{"rendered":"Duck Rillettes &#8211; 130gr"},"content":{"rendered":"<p>This genuine rillette is generous in flavour and will improve with age. Do not hesitate to keep them several months.\u00a0Spread on slices of country bread and enjoy.<\/p>\n<p><em><strong>Ingredients <\/strong>: Duck meat 70%, pork lean meat, salt, pepper.<\/em><\/p>\n<p><strong>PRODUCT OF FRANCE<\/strong><\/p>\n","protected":false},"excerpt":{"rendered":"<h6>Duck Rillettes &#8211; Maison Godard , 130gr<\/h6>\n<p><!--more--><\/p>\n","protected":false},"featured_media":4662,"comment_status":"open","ping_status":"closed","template":"","meta":[],"product_cat":[37,39],"product_tag":[],"class_list":{"0":"post-5010","1":"product","2":"type-product","3":"status-publish","4":"has-post-thumbnail","6":"product_cat-food","7":"product_cat-pates-terrines","9":"first","10":"instock","11":"purchasable","12":"product-type-simple"},"jetpack_sharing_enabled":true,"jetpack-related-posts":[{"id":4837,"url":"https:\/\/lefrenchquarter.com.au\/?product=duck-rillettes-with-smoke-duck-magret-90gr-jar","url_meta":{"origin":5010,"position":0},"title":"Duck Rillettes with Smoke Duck Magret &#8211; 90gr (Jar)","author":"rvphalippou","date":"28 January 2023","format":false,"excerpt":"Duck Rillettes with Smoke Duck Magret - Maison Godard , 90gr (Jar)","rel":"","context":"Similar post","block_context":{"text":"Similar post","link":""},"img":{"alt_text":"","src":"https:\/\/i0.wp.com\/lefrenchquarter.com.au\/wp-content\/uploads\/2023\/01\/duck-rillettes-with-smoked-duck-magret.net_.jpg?fit=563%2C417&ssl=1&resize=350%2C200","width":350,"height":200,"srcset":"https:\/\/i0.wp.com\/lefrenchquarter.com.au\/wp-content\/uploads\/2023\/01\/duck-rillettes-with-smoked-duck-magret.net_.jpg?fit=563%2C417&ssl=1&resize=350%2C200 1x, https:\/\/i0.wp.com\/lefrenchquarter.com.au\/wp-content\/uploads\/2023\/01\/duck-rillettes-with-smoked-duck-magret.net_.jpg?fit=563%2C417&ssl=1&resize=525%2C300 1.5x"},"classes":[]},{"id":5011,"url":"https:\/\/lefrenchquarter.com.au\/?product=duck-rillettes-with-smoked-duck-breast-90gr","url_meta":{"origin":5010,"position":1},"title":"Duck Rillettes with Smoked Duck Breast &#8211; 90gr","author":"rvphalippou","date":"19 January 2025","format":false,"excerpt":"Duck Rillettes with Smoked Duck Breast (magret) - Maison Godard , 90gr","rel":"","context":"Similar post","block_context":{"text":"Similar post","link":""},"img":{"alt_text":"","src":"https:\/\/i0.wp.com\/lefrenchquarter.com.au\/wp-content\/uploads\/2025\/01\/rillettes-pure-duck-with-smoked-magret-godard-e1737299841938.jpg?fit=287%2C314&ssl=1&resize=350%2C200","width":350,"height":200},"classes":[]},{"id":5034,"url":"https:\/\/lefrenchquarter.com.au\/?product=regal-de-canard-au-jus-de-truffes-noires","url_meta":{"origin":5010,"position":2},"title":"R\u00e9gal de Canard &#8211; Terrine with Black Truffle Juice and 20% Duck Foie Gras","author":"rvphalippou","date":"1 March 2025","format":false,"excerpt":"Duck Liver Terrine with Black Truffle Juice and 20% Duck Foie Gras - Maison Godard , 130gr","rel":"","context":"Similar post","block_context":{"text":"Similar post","link":""},"img":{"alt_text":"","src":"https:\/\/i0.wp.com\/lefrenchquarter.com.au\/wp-content\/uploads\/2025\/03\/regal-de-canard-au-jus-de-truffes-noires-terrine-au-foie-de-canard-20-foie-gras-de-canard-130g.jpg?fit=1200%2C1200&ssl=1&resize=350%2C200","width":350,"height":200,"srcset":"https:\/\/i0.wp.com\/lefrenchquarter.com.au\/wp-content\/uploads\/2025\/03\/regal-de-canard-au-jus-de-truffes-noires-terrine-au-foie-de-canard-20-foie-gras-de-canard-130g.jpg?fit=1200%2C1200&ssl=1&resize=350%2C200 1x, https:\/\/i0.wp.com\/lefrenchquarter.com.au\/wp-content\/uploads\/2025\/03\/regal-de-canard-au-jus-de-truffes-noires-terrine-au-foie-de-canard-20-foie-gras-de-canard-130g.jpg?fit=1200%2C1200&ssl=1&resize=525%2C300 1.5x, https:\/\/i0.wp.com\/lefrenchquarter.com.au\/wp-content\/uploads\/2025\/03\/regal-de-canard-au-jus-de-truffes-noires-terrine-au-foie-de-canard-20-foie-gras-de-canard-130g.jpg?fit=1200%2C1200&ssl=1&resize=700%2C400 2x, https:\/\/i0.wp.com\/lefrenchquarter.com.au\/wp-content\/uploads\/2025\/03\/regal-de-canard-au-jus-de-truffes-noires-terrine-au-foie-de-canard-20-foie-gras-de-canard-130g.jpg?fit=1200%2C1200&ssl=1&resize=1050%2C600 3x"},"classes":[]},{"id":4824,"url":"https:\/\/lefrenchquarter.com.au\/?product=duck-sausages-whith-lentils-and-espelette-pepper","url_meta":{"origin":5010,"position":3},"title":"Duck Sausages with Lentils and Espelette Pepper","author":"rvphalippou","date":"28 January 2023","format":false,"excerpt":"Duck Sausages with Lentils and Espelette Pepper - Maison Godard, 820 gr","rel":"","context":"Similar post","block_context":{"text":"Similar post","link":""},"img":{"alt_text":"","src":"https:\/\/i0.wp.com\/lefrenchquarter.com.au\/wp-content\/uploads\/2023\/01\/1223_saucisses_lentilles_piment_espelette_HD-scaled.jpg?fit=1200%2C801&ssl=1&resize=350%2C200","width":350,"height":200,"srcset":"https:\/\/i0.wp.com\/lefrenchquarter.com.au\/wp-content\/uploads\/2023\/01\/1223_saucisses_lentilles_piment_espelette_HD-scaled.jpg?fit=1200%2C801&ssl=1&resize=350%2C200 1x, https:\/\/i0.wp.com\/lefrenchquarter.com.au\/wp-content\/uploads\/2023\/01\/1223_saucisses_lentilles_piment_espelette_HD-scaled.jpg?fit=1200%2C801&ssl=1&resize=525%2C300 1.5x, https:\/\/i0.wp.com\/lefrenchquarter.com.au\/wp-content\/uploads\/2023\/01\/1223_saucisses_lentilles_piment_espelette_HD-scaled.jpg?fit=1200%2C801&ssl=1&resize=700%2C400 2x, https:\/\/i0.wp.com\/lefrenchquarter.com.au\/wp-content\/uploads\/2023\/01\/1223_saucisses_lentilles_piment_espelette_HD-scaled.jpg?fit=1200%2C801&ssl=1&resize=1050%2C600 3x"},"classes":[]},{"id":5036,"url":"https:\/\/lefrenchquarter.com.au\/?product=pate-perigourdin-terrine-with-20-duck-foie-gras","url_meta":{"origin":5010,"position":4},"title":"P\u00e2t\u00e9 P\u00e9rigourdin &#8211; Terrine with 20% Duck Foie Gras","author":"rvphalippou","date":"1 March 2025","format":false,"excerpt":"Duck Liver Terrine with 20% Duck Foie Gras - Maison Godard , 200gr","rel":"","context":"Similar post","block_context":{"text":"Similar post","link":""},"img":{"alt_text":"","src":"https:\/\/i0.wp.com\/lefrenchquarter.com.au\/wp-content\/uploads\/2025\/03\/pateperigourdin_200.jpg?fit=400%2C400&ssl=1&resize=350%2C200","width":350,"height":200},"classes":[]},{"id":4827,"url":"https:\/\/lefrenchquarter.com.au\/?product=gastronomic-cassoulet-with-duck-confit-1500gr","url_meta":{"origin":5010,"position":5},"title":"Gastronomic Cassoulet with Duck Confit &#8211; 1,500gr","author":"rvphalippou","date":"28 January 2023","format":false,"excerpt":"Gastronomic Cassoulet with Duck Confit - Maison Godard, 1,500gr","rel":"","context":"Similar post","block_context":{"text":"Similar post","link":""},"img":{"alt_text":"","src":"https:\/\/i0.wp.com\/lefrenchquarter.com.au\/wp-content\/uploads\/2023\/01\/I-Grande-2942-cassoulet-with-goose-confit.net_.jpg?fit=600%2C399&ssl=1&resize=350%2C200","width":350,"height":200,"srcset":"https:\/\/i0.wp.com\/lefrenchquarter.com.au\/wp-content\/uploads\/2023\/01\/I-Grande-2942-cassoulet-with-goose-confit.net_.jpg?fit=600%2C399&ssl=1&resize=350%2C200 1x, https:\/\/i0.wp.com\/lefrenchquarter.com.au\/wp-content\/uploads\/2023\/01\/I-Grande-2942-cassoulet-with-goose-confit.net_.jpg?fit=600%2C399&ssl=1&resize=525%2C300 1.5x"},"classes":[]}],"_links":{"self":[{"href":"https:\/\/lefrenchquarter.com.au\/index.php?rest_route=\/wp\/v2\/product\/5010","targetHints":{"allow":["GET"]}}],"collection":[{"href":"https:\/\/lefrenchquarter.com.au\/index.php?rest_route=\/wp\/v2\/product"}],"about":[{"href":"https:\/\/lefrenchquarter.com.au\/index.php?rest_route=\/wp\/v2\/types\/product"}],"replies":[{"embeddable":true,"href":"https:\/\/lefrenchquarter.com.au\/index.php?rest_route=%2Fwp%2Fv2%2Fcomments&post=5010"}],"wp:featuredmedia":[{"embeddable":true,"href":"https:\/\/lefrenchquarter.com.au\/index.php?rest_route=\/wp\/v2\/media\/4662"}],"wp:attachment":[{"href":"https:\/\/lefrenchquarter.com.au\/index.php?rest_route=%2Fwp%2Fv2%2Fmedia&parent=5010"}],"wp:term":[{"taxonomy":"product_cat","embeddable":true,"href":"https:\/\/lefrenchquarter.com.au\/index.php?rest_route=%2Fwp%2Fv2%2Fproduct_cat&post=5010"},{"taxonomy":"product_tag","embeddable":true,"href":"https:\/\/lefrenchquarter.com.au\/index.php?rest_route=%2Fwp%2Fv2%2Fproduct_tag&post=5010"}],"curies":[{"name":"wp","href":"https:\/\/api.w.org\/{rel}","templated":true}]}}