{"id":5016,"date":"2025-01-19T23:08:47","date_gmt":"2025-01-19T15:08:47","guid":{"rendered":"https:\/\/lefrenchquarter.com.au\/?post_type=product&#038;p=5016"},"modified":"2025-01-19T23:09:48","modified_gmt":"2025-01-19T15:09:48","slug":"truffled-country-pork-terrine-90gr","status":"publish","type":"product","link":"https:\/\/lefrenchquarter.com.au\/?product=truffled-country-pork-terrine-90gr","title":{"rendered":"Truffled Country Pork Terrine &#8211; 90gr"},"content":{"rendered":"<p>This terrine is flavoured with the Tuber Melanosporum Winter truffle, the so called Perigord truffle that has a dark flesh and white veins.<\/p>\n<p>Her fragrance is entrancing and her very powerful flavour is very pleasant.<\/p>\n<p><em><strong>Ingredients <\/strong>: Pork meat, pork liver 20%, egg, Tuber Brumale truffle 3%, milk, salt, Armagnac, spices, sugar.<\/em><\/p>\n<p><strong>PRODUCT OF FRANCE<\/strong><\/p>\n","protected":false},"excerpt":{"rendered":"<h6>Truffled Country Pork Terrine &#8211; Maison Godard , 90gr<\/h6>\n<p><!--more--><\/p>\n","protected":false},"featured_media":4832,"comment_status":"open","ping_status":"closed","template":"","meta":[],"product_cat":[37,39],"product_tag":[],"class_list":{"0":"post-5016","1":"product","2":"type-product","3":"status-publish","4":"has-post-thumbnail","6":"product_cat-food","7":"product_cat-pates-terrines","9":"first","10":"instock","11":"purchasable","12":"product-type-simple"},"jetpack_sharing_enabled":true,"jetpack-related-posts":[{"id":5034,"url":"https:\/\/lefrenchquarter.com.au\/?product=regal-de-canard-au-jus-de-truffes-noires","url_meta":{"origin":5016,"position":0},"title":"R\u00e9gal de Canard &#8211; Terrine with Black Truffle Juice and 20% Duck Foie Gras","author":"rvphalippou","date":"1 March 2025","format":false,"excerpt":"Duck Liver Terrine with Black Truffle Juice and 20% Duck Foie Gras - Maison Godard , 130gr","rel":"","context":"Similar post","block_context":{"text":"Similar post","link":""},"img":{"alt_text":"","src":"https:\/\/i0.wp.com\/lefrenchquarter.com.au\/wp-content\/uploads\/2025\/03\/regal-de-canard-au-jus-de-truffes-noires-terrine-au-foie-de-canard-20-foie-gras-de-canard-130g.jpg?fit=1200%2C1200&ssl=1&resize=350%2C200","width":350,"height":200,"srcset":"https:\/\/i0.wp.com\/lefrenchquarter.com.au\/wp-content\/uploads\/2025\/03\/regal-de-canard-au-jus-de-truffes-noires-terrine-au-foie-de-canard-20-foie-gras-de-canard-130g.jpg?fit=1200%2C1200&ssl=1&resize=350%2C200 1x, https:\/\/i0.wp.com\/lefrenchquarter.com.au\/wp-content\/uploads\/2025\/03\/regal-de-canard-au-jus-de-truffes-noires-terrine-au-foie-de-canard-20-foie-gras-de-canard-130g.jpg?fit=1200%2C1200&ssl=1&resize=525%2C300 1.5x, https:\/\/i0.wp.com\/lefrenchquarter.com.au\/wp-content\/uploads\/2025\/03\/regal-de-canard-au-jus-de-truffes-noires-terrine-au-foie-de-canard-20-foie-gras-de-canard-130g.jpg?fit=1200%2C1200&ssl=1&resize=700%2C400 2x, https:\/\/i0.wp.com\/lefrenchquarter.com.au\/wp-content\/uploads\/2025\/03\/regal-de-canard-au-jus-de-truffes-noires-terrine-au-foie-de-canard-20-foie-gras-de-canard-130g.jpg?fit=1200%2C1200&ssl=1&resize=1050%2C600 3x"},"classes":[]},{"id":5015,"url":"https:\/\/lefrenchquarter.com.au\/?product=pork-terrine-with-plum-brandy-louis-roque-from-souillac-90gr","url_meta":{"origin":5016,"position":1},"title":"Pork Terrine with Plum Brandy Louis Roque from Souillac &#8211; 90gr","author":"rvphalippou","date":"19 January 2025","format":false,"excerpt":"Terrine P\u00e9rigourdine with Plum Brandy Louis Roque from Souillac - Maison Godard , 90gr","rel":"","context":"Similar post","block_context":{"text":"Similar post","link":""},"img":{"alt_text":"","src":"https:\/\/i0.wp.com\/lefrenchquarter.com.au\/wp-content\/uploads\/2025\/01\/TerrineVieillePrune2.jpg?fit=700%2C700&ssl=1&resize=350%2C200","width":350,"height":200,"srcset":"https:\/\/i0.wp.com\/lefrenchquarter.com.au\/wp-content\/uploads\/2025\/01\/TerrineVieillePrune2.jpg?fit=700%2C700&ssl=1&resize=350%2C200 1x, https:\/\/i0.wp.com\/lefrenchquarter.com.au\/wp-content\/uploads\/2025\/01\/TerrineVieillePrune2.jpg?fit=700%2C700&ssl=1&resize=525%2C300 1.5x, https:\/\/i0.wp.com\/lefrenchquarter.com.au\/wp-content\/uploads\/2025\/01\/TerrineVieillePrune2.jpg?fit=700%2C700&ssl=1&resize=700%2C400 2x"},"classes":[]},{"id":4841,"url":"https:\/\/lefrenchquarter.com.au\/?product=terrine-with-piquillos-and-chorizo-180gr","url_meta":{"origin":5016,"position":2},"title":"Terrine with Piquillos and Chorizo &#8211; 180gr","author":"rvphalippou","date":"28 January 2023","format":false,"excerpt":"Terrine with Piquillos and Chorizo - Maison Godard , 180gr","rel":"","context":"Similar post","block_context":{"text":"Similar post","link":""},"img":{"alt_text":"","src":"https:\/\/i0.wp.com\/lefrenchquarter.com.au\/wp-content\/uploads\/2023\/01\/1102-Terrine-piquillos-chorizo.jpg?fit=1200%2C900&ssl=1&resize=350%2C200","width":350,"height":200,"srcset":"https:\/\/i0.wp.com\/lefrenchquarter.com.au\/wp-content\/uploads\/2023\/01\/1102-Terrine-piquillos-chorizo.jpg?fit=1200%2C900&ssl=1&resize=350%2C200 1x, https:\/\/i0.wp.com\/lefrenchquarter.com.au\/wp-content\/uploads\/2023\/01\/1102-Terrine-piquillos-chorizo.jpg?fit=1200%2C900&ssl=1&resize=525%2C300 1.5x, https:\/\/i0.wp.com\/lefrenchquarter.com.au\/wp-content\/uploads\/2023\/01\/1102-Terrine-piquillos-chorizo.jpg?fit=1200%2C900&ssl=1&resize=700%2C400 2x, https:\/\/i0.wp.com\/lefrenchquarter.com.au\/wp-content\/uploads\/2023\/01\/1102-Terrine-piquillos-chorizo.jpg?fit=1200%2C900&ssl=1&resize=1050%2C600 3x"},"classes":[]},{"id":5011,"url":"https:\/\/lefrenchquarter.com.au\/?product=duck-rillettes-with-smoked-duck-breast-90gr","url_meta":{"origin":5016,"position":3},"title":"Duck Rillettes with Smoked Duck Breast &#8211; 90gr","author":"rvphalippou","date":"19 January 2025","format":false,"excerpt":"Duck Rillettes with Smoked Duck Breast (magret) - Maison Godard , 90gr","rel":"","context":"Similar post","block_context":{"text":"Similar post","link":""},"img":{"alt_text":"","src":"https:\/\/i0.wp.com\/lefrenchquarter.com.au\/wp-content\/uploads\/2025\/01\/rillettes-pure-duck-with-smoked-magret-godard-e1737299841938.jpg?fit=287%2C314&ssl=1&resize=350%2C200","width":350,"height":200},"classes":[]},{"id":5036,"url":"https:\/\/lefrenchquarter.com.au\/?product=pate-perigourdin-terrine-with-20-duck-foie-gras","url_meta":{"origin":5016,"position":4},"title":"P\u00e2t\u00e9 P\u00e9rigourdin &#8211; Terrine with 20% Duck Foie Gras","author":"rvphalippou","date":"1 March 2025","format":false,"excerpt":"Duck Liver Terrine with 20% Duck Foie Gras - Maison Godard , 200gr","rel":"","context":"Similar post","block_context":{"text":"Similar post","link":""},"img":{"alt_text":"","src":"https:\/\/i0.wp.com\/lefrenchquarter.com.au\/wp-content\/uploads\/2025\/03\/pateperigourdin_200.jpg?fit=400%2C400&ssl=1&resize=350%2C200","width":350,"height":200},"classes":[]},{"id":5010,"url":"https:\/\/lefrenchquarter.com.au\/?product=duck-rillettes-130gr","url_meta":{"origin":5016,"position":5},"title":"Duck Rillettes &#8211; 130gr","author":"rvphalippou","date":"19 January 2025","format":false,"excerpt":"Duck Rillettes - Maison Godard , 130gr","rel":"","context":"Similar post","block_context":{"text":"Similar post","link":""},"img":{"alt_text":"","src":"https:\/\/i0.wp.com\/lefrenchquarter.com.au\/wp-content\/uploads\/2022\/01\/rillettes-de-canard-godard-scaled.jpg?fit=1200%2C803&ssl=1&resize=350%2C200","width":350,"height":200,"srcset":"https:\/\/i0.wp.com\/lefrenchquarter.com.au\/wp-content\/uploads\/2022\/01\/rillettes-de-canard-godard-scaled.jpg?fit=1200%2C803&ssl=1&resize=350%2C200 1x, https:\/\/i0.wp.com\/lefrenchquarter.com.au\/wp-content\/uploads\/2022\/01\/rillettes-de-canard-godard-scaled.jpg?fit=1200%2C803&ssl=1&resize=525%2C300 1.5x, https:\/\/i0.wp.com\/lefrenchquarter.com.au\/wp-content\/uploads\/2022\/01\/rillettes-de-canard-godard-scaled.jpg?fit=1200%2C803&ssl=1&resize=700%2C400 2x, https:\/\/i0.wp.com\/lefrenchquarter.com.au\/wp-content\/uploads\/2022\/01\/rillettes-de-canard-godard-scaled.jpg?fit=1200%2C803&ssl=1&resize=1050%2C600 3x"},"classes":[]}],"_links":{"self":[{"href":"https:\/\/lefrenchquarter.com.au\/index.php?rest_route=\/wp\/v2\/product\/5016","targetHints":{"allow":["GET"]}}],"collection":[{"href":"https:\/\/lefrenchquarter.com.au\/index.php?rest_route=\/wp\/v2\/product"}],"about":[{"href":"https:\/\/lefrenchquarter.com.au\/index.php?rest_route=\/wp\/v2\/types\/product"}],"replies":[{"embeddable":true,"href":"https:\/\/lefrenchquarter.com.au\/index.php?rest_route=%2Fwp%2Fv2%2Fcomments&post=5016"}],"wp:featuredmedia":[{"embeddable":true,"href":"https:\/\/lefrenchquarter.com.au\/index.php?rest_route=\/wp\/v2\/media\/4832"}],"wp:attachment":[{"href":"https:\/\/lefrenchquarter.com.au\/index.php?rest_route=%2Fwp%2Fv2%2Fmedia&parent=5016"}],"wp:term":[{"taxonomy":"product_cat","embeddable":true,"href":"https:\/\/lefrenchquarter.com.au\/index.php?rest_route=%2Fwp%2Fv2%2Fproduct_cat&post=5016"},{"taxonomy":"product_tag","embeddable":true,"href":"https:\/\/lefrenchquarter.com.au\/index.php?rest_route=%2Fwp%2Fv2%2Fproduct_tag&post=5016"}],"curies":[{"name":"wp","href":"https:\/\/api.w.org\/{rel}","templated":true}]}}