{"id":5034,"date":"2025-03-01T08:40:49","date_gmt":"2025-03-01T00:40:49","guid":{"rendered":"https:\/\/lefrenchquarter.com.au\/?post_type=product&#038;p=5034"},"modified":"2025-03-01T09:05:37","modified_gmt":"2025-03-01T01:05:37","slug":"regal-de-canard-au-jus-de-truffes-noires","status":"publish","type":"product","link":"https:\/\/lefrenchquarter.com.au\/?product=regal-de-canard-au-jus-de-truffes-noires","title":{"rendered":"R\u00e9gal de Canard &#8211; Terrine with Black Truffle Juice and 20% Duck Foie Gras"},"content":{"rendered":"<p>This Duck Terrine is rich in taste : the piece of foie gras nestled in the terrine is flavored with truffle juice. A refined recipe that will satisfy the taste buds of your guests.<\/p>\n<p><em><strong>Ingredients <\/strong>: Pork meat and fat (French origin), duck foie gras 20%, pork liver, eggs, black truffle juice: Tuber Melanosporum 3%, water, salt, spices, Porto, sugar.<\/em><\/p>\n<p><strong>PRODUCT OF FRANCE<\/strong><\/p>\n","protected":false},"excerpt":{"rendered":"<h6>Duck Liver Terrine with Black Truffle Juice and 20% Duck Foie Gras &#8211; Maison Godard , 130gr<\/h6>\n<p><!--more--><\/p>\n","protected":false},"featured_media":5028,"comment_status":"open","ping_status":"closed","template":"","meta":[],"product_cat":[37,39],"product_tag":[],"class_list":{"0":"post-5034","1":"product","2":"type-product","3":"status-publish","4":"has-post-thumbnail","6":"product_cat-food","7":"product_cat-pates-terrines","9":"first","10":"instock","11":"purchasable","12":"product-type-simple"},"jetpack_sharing_enabled":true,"jetpack-related-posts":[{"id":5036,"url":"https:\/\/lefrenchquarter.com.au\/?product=pate-perigourdin-terrine-with-20-duck-foie-gras","url_meta":{"origin":5034,"position":0},"title":"P\u00e2t\u00e9 P\u00e9rigourdin &#8211; Terrine with 20% Duck Foie Gras","author":"rvphalippou","date":"1 March 2025","format":false,"excerpt":"Duck Liver Terrine with 20% Duck Foie Gras - Maison Godard , 200gr","rel":"","context":"Similar post","block_context":{"text":"Similar post","link":""},"img":{"alt_text":"","src":"https:\/\/i0.wp.com\/lefrenchquarter.com.au\/wp-content\/uploads\/2025\/03\/pateperigourdin_200.jpg?fit=400%2C400&ssl=1&resize=350%2C200","width":350,"height":200},"classes":[]},{"id":4840,"url":"https:\/\/lefrenchquarter.com.au\/?product=pate-with-20-duck-foie-gras-125gr-jar","url_meta":{"origin":5034,"position":1},"title":"P\u00e2t\u00e9 with 20% Duck Foie Gras &#8211; 125gr (Jar)","author":"rvphalippou","date":"28 January 2023","format":false,"excerpt":"P\u00e2t\u00e9 with 20% Duck Foie Gras - Maison Godard, 125gr (jar)","rel":"","context":"Similar post","block_context":{"text":"Similar post","link":""},"img":{"alt_text":"","src":"https:\/\/i0.wp.com\/lefrenchquarter.com.au\/wp-content\/uploads\/2023\/01\/PateAncienne20FG_125.jpg?fit=700%2C706&ssl=1&resize=350%2C200","width":350,"height":200,"srcset":"https:\/\/i0.wp.com\/lefrenchquarter.com.au\/wp-content\/uploads\/2023\/01\/PateAncienne20FG_125.jpg?fit=700%2C706&ssl=1&resize=350%2C200 1x, https:\/\/i0.wp.com\/lefrenchquarter.com.au\/wp-content\/uploads\/2023\/01\/PateAncienne20FG_125.jpg?fit=700%2C706&ssl=1&resize=525%2C300 1.5x, https:\/\/i0.wp.com\/lefrenchquarter.com.au\/wp-content\/uploads\/2023\/01\/PateAncienne20FG_125.jpg?fit=700%2C706&ssl=1&resize=700%2C400 2x"},"classes":[]},{"id":5002,"url":"https:\/\/lefrenchquarter.com.au\/?product=whole-duck-foie-gras-with-2-peppers-125gr","url_meta":{"origin":5034,"position":2},"title":"Whole Duck Foie Gras with 2 peppers \u2013 125gr","author":"rvphalippou","date":"18 January 2025","format":false,"excerpt":"Whole Foie Gras (Foie Gras entier) from the South-West of France with Jamaican and black peppers - Maison Godard , 125gr Glass Jar No coloring and no preservatives.","rel":"","context":"Similar post","block_context":{"text":"Similar post","link":""},"img":{"alt_text":"","src":"https:\/\/i0.wp.com\/lefrenchquarter.com.au\/wp-content\/uploads\/2025\/01\/foie-gras-de-canard-entier-du-sud-ouest-aux-2-poivres-bocal-180g.jpg?fit=1200%2C1200&ssl=1&resize=350%2C200","width":350,"height":200,"srcset":"https:\/\/i0.wp.com\/lefrenchquarter.com.au\/wp-content\/uploads\/2025\/01\/foie-gras-de-canard-entier-du-sud-ouest-aux-2-poivres-bocal-180g.jpg?fit=1200%2C1200&ssl=1&resize=350%2C200 1x, https:\/\/i0.wp.com\/lefrenchquarter.com.au\/wp-content\/uploads\/2025\/01\/foie-gras-de-canard-entier-du-sud-ouest-aux-2-poivres-bocal-180g.jpg?fit=1200%2C1200&ssl=1&resize=525%2C300 1.5x, https:\/\/i0.wp.com\/lefrenchquarter.com.au\/wp-content\/uploads\/2025\/01\/foie-gras-de-canard-entier-du-sud-ouest-aux-2-poivres-bocal-180g.jpg?fit=1200%2C1200&ssl=1&resize=700%2C400 2x, https:\/\/i0.wp.com\/lefrenchquarter.com.au\/wp-content\/uploads\/2025\/01\/foie-gras-de-canard-entier-du-sud-ouest-aux-2-poivres-bocal-180g.jpg?fit=1200%2C1200&ssl=1&resize=1050%2C600 3x"},"classes":[]},{"id":5016,"url":"https:\/\/lefrenchquarter.com.au\/?product=truffled-country-pork-terrine-90gr","url_meta":{"origin":5034,"position":3},"title":"Truffled Country Pork Terrine &#8211; 90gr","author":"rvphalippou","date":"19 January 2025","format":false,"excerpt":"Truffled Country Pork Terrine - Maison Godard , 90gr","rel":"","context":"Similar post","block_context":{"text":"Similar post","link":""},"img":{"alt_text":"","src":"https:\/\/i0.wp.com\/lefrenchquarter.com.au\/wp-content\/uploads\/2023\/01\/116-Terrine-Campagnarde-Truffee-a-3\ufffd.jpg?fit=340%2C279&ssl=1&resize=350%2C200","width":350,"height":200},"classes":[]},{"id":4321,"url":"https:\/\/lefrenchquarter.com.au\/?product=whole-duck-foie-gras-from-the-southwest-of-france-maison-godard","url_meta":{"origin":5034,"position":4},"title":"Whole Duck Foie Gras Maison Godard \u2013 125 gr","author":"lefrenchquarter","date":"22 August 2021","format":false,"excerpt":"Whole Foie Gras (Foie Gras entier) from the South-West of France - Maison Godard , 125gr Glass Jar No coloring and no preservatives","rel":"","context":"Similar post","block_context":{"text":"Similar post","link":""},"img":{"alt_text":"","src":"https:\/\/i0.wp.com\/lefrenchquarter.com.au\/wp-content\/uploads\/2022\/01\/foie-gras-de-canard-entier-du-sud-ouest-en-bocal-godard.jpg?fit=800%2C800&ssl=1&resize=350%2C200","width":350,"height":200,"srcset":"https:\/\/i0.wp.com\/lefrenchquarter.com.au\/wp-content\/uploads\/2022\/01\/foie-gras-de-canard-entier-du-sud-ouest-en-bocal-godard.jpg?fit=800%2C800&ssl=1&resize=350%2C200 1x, https:\/\/i0.wp.com\/lefrenchquarter.com.au\/wp-content\/uploads\/2022\/01\/foie-gras-de-canard-entier-du-sud-ouest-en-bocal-godard.jpg?fit=800%2C800&ssl=1&resize=525%2C300 1.5x, https:\/\/i0.wp.com\/lefrenchquarter.com.au\/wp-content\/uploads\/2022\/01\/foie-gras-de-canard-entier-du-sud-ouest-en-bocal-godard.jpg?fit=800%2C800&ssl=1&resize=700%2C400 2x"},"classes":[]},{"id":4434,"url":"https:\/\/lefrenchquarter.com.au\/?product=whole-duck-foie-gras-maison-godard","url_meta":{"origin":5034,"position":5},"title":"Whole Duck Foie Gras Maison Godard \u2013 180gr","author":"rvphalippou","date":"23 January 2022","format":false,"excerpt":"Whole Foie Gras (Foie Gras entier) from the South-West of France - Maison Godard , 180gr Glass Jar No coloring and no preservatives.","rel":"","context":"Similar post","block_context":{"text":"Similar post","link":""},"img":{"alt_text":"","src":"https:\/\/i0.wp.com\/lefrenchquarter.com.au\/wp-content\/uploads\/2022\/01\/foie-gras-de-canard-entier-du-sud-ouest-en-bocal-godard.jpg?fit=800%2C800&ssl=1&resize=350%2C200","width":350,"height":200,"srcset":"https:\/\/i0.wp.com\/lefrenchquarter.com.au\/wp-content\/uploads\/2022\/01\/foie-gras-de-canard-entier-du-sud-ouest-en-bocal-godard.jpg?fit=800%2C800&ssl=1&resize=350%2C200 1x, https:\/\/i0.wp.com\/lefrenchquarter.com.au\/wp-content\/uploads\/2022\/01\/foie-gras-de-canard-entier-du-sud-ouest-en-bocal-godard.jpg?fit=800%2C800&ssl=1&resize=525%2C300 1.5x, https:\/\/i0.wp.com\/lefrenchquarter.com.au\/wp-content\/uploads\/2022\/01\/foie-gras-de-canard-entier-du-sud-ouest-en-bocal-godard.jpg?fit=800%2C800&ssl=1&resize=700%2C400 2x"},"classes":[]}],"_links":{"self":[{"href":"https:\/\/lefrenchquarter.com.au\/index.php?rest_route=\/wp\/v2\/product\/5034","targetHints":{"allow":["GET"]}}],"collection":[{"href":"https:\/\/lefrenchquarter.com.au\/index.php?rest_route=\/wp\/v2\/product"}],"about":[{"href":"https:\/\/lefrenchquarter.com.au\/index.php?rest_route=\/wp\/v2\/types\/product"}],"replies":[{"embeddable":true,"href":"https:\/\/lefrenchquarter.com.au\/index.php?rest_route=%2Fwp%2Fv2%2Fcomments&post=5034"}],"wp:featuredmedia":[{"embeddable":true,"href":"https:\/\/lefrenchquarter.com.au\/index.php?rest_route=\/wp\/v2\/media\/5028"}],"wp:attachment":[{"href":"https:\/\/lefrenchquarter.com.au\/index.php?rest_route=%2Fwp%2Fv2%2Fmedia&parent=5034"}],"wp:term":[{"taxonomy":"product_cat","embeddable":true,"href":"https:\/\/lefrenchquarter.com.au\/index.php?rest_route=%2Fwp%2Fv2%2Fproduct_cat&post=5034"},{"taxonomy":"product_tag","embeddable":true,"href":"https:\/\/lefrenchquarter.com.au\/index.php?rest_route=%2Fwp%2Fv2%2Fproduct_tag&post=5034"}],"curies":[{"name":"wp","href":"https:\/\/api.w.org\/{rel}","templated":true}]}}