{"id":5036,"date":"2025-03-01T09:01:48","date_gmt":"2025-03-01T01:01:48","guid":{"rendered":"https:\/\/lefrenchquarter.com.au\/?post_type=product&#038;p=5036"},"modified":"2025-03-01T09:05:16","modified_gmt":"2025-03-01T01:05:16","slug":"pate-perigourdin-terrine-with-20-duck-foie-gras","status":"publish","type":"product","link":"https:\/\/lefrenchquarter.com.au\/?product=pate-perigourdin-terrine-with-20-duck-foie-gras","title":{"rendered":"P\u00e2t\u00e9 P\u00e9rigourdin &#8211; Terrine with 20% Duck Foie Gras"},"content":{"rendered":"<p>P\u00e9rigourdin P\u00e2t\u00e9 with 20% Duck Foie Gras is a delicious p\u00e2t\u00e9 from the Perigourdian region made with traditionally cooked p\u00e2t\u00e9 and duck foie gras nested in the middle!<\/p>\n<p><em><strong>Ingredients <\/strong>: Pork meat (French origin), duck foie gras 20%, pork liver, eggs, salt, pepper, sugar.<\/em><\/p>\n<p><strong>PRODUCT OF FRANCE<\/strong><\/p>\n","protected":false},"excerpt":{"rendered":"<h6>Duck Liver Terrine with 20% Duck Foie Gras &#8211; Maison Godard , 200gr<\/h6>\n<p><!--more--><\/p>\n","protected":false},"featured_media":5026,"comment_status":"open","ping_status":"closed","template":"","meta":[],"product_cat":[37,39],"product_tag":[],"class_list":{"0":"post-5036","1":"product","2":"type-product","3":"status-publish","4":"has-post-thumbnail","6":"product_cat-food","7":"product_cat-pates-terrines","9":"first","10":"instock","11":"purchasable","12":"product-type-simple"},"jetpack_sharing_enabled":true,"jetpack-related-posts":[{"id":5034,"url":"https:\/\/lefrenchquarter.com.au\/?product=regal-de-canard-au-jus-de-truffes-noires","url_meta":{"origin":5036,"position":0},"title":"R\u00e9gal de Canard &#8211; Terrine with Black Truffle Juice and 20% Duck Foie Gras","author":"rvphalippou","date":"1 March 2025","format":false,"excerpt":"Duck Liver Terrine with Black Truffle Juice and 20% Duck Foie Gras - Maison Godard , 130gr","rel":"","context":"Similar post","block_context":{"text":"Similar post","link":""},"img":{"alt_text":"","src":"https:\/\/i0.wp.com\/lefrenchquarter.com.au\/wp-content\/uploads\/2025\/03\/regal-de-canard-au-jus-de-truffes-noires-terrine-au-foie-de-canard-20-foie-gras-de-canard-130g.jpg?fit=1200%2C1200&ssl=1&resize=350%2C200","width":350,"height":200,"srcset":"https:\/\/i0.wp.com\/lefrenchquarter.com.au\/wp-content\/uploads\/2025\/03\/regal-de-canard-au-jus-de-truffes-noires-terrine-au-foie-de-canard-20-foie-gras-de-canard-130g.jpg?fit=1200%2C1200&ssl=1&resize=350%2C200 1x, https:\/\/i0.wp.com\/lefrenchquarter.com.au\/wp-content\/uploads\/2025\/03\/regal-de-canard-au-jus-de-truffes-noires-terrine-au-foie-de-canard-20-foie-gras-de-canard-130g.jpg?fit=1200%2C1200&ssl=1&resize=525%2C300 1.5x, https:\/\/i0.wp.com\/lefrenchquarter.com.au\/wp-content\/uploads\/2025\/03\/regal-de-canard-au-jus-de-truffes-noires-terrine-au-foie-de-canard-20-foie-gras-de-canard-130g.jpg?fit=1200%2C1200&ssl=1&resize=700%2C400 2x, https:\/\/i0.wp.com\/lefrenchquarter.com.au\/wp-content\/uploads\/2025\/03\/regal-de-canard-au-jus-de-truffes-noires-terrine-au-foie-de-canard-20-foie-gras-de-canard-130g.jpg?fit=1200%2C1200&ssl=1&resize=1050%2C600 3x"},"classes":[]},{"id":4840,"url":"https:\/\/lefrenchquarter.com.au\/?product=pate-with-20-duck-foie-gras-125gr-jar","url_meta":{"origin":5036,"position":1},"title":"P\u00e2t\u00e9 with 20% Duck Foie Gras &#8211; 125gr (Jar)","author":"rvphalippou","date":"28 January 2023","format":false,"excerpt":"P\u00e2t\u00e9 with 20% Duck Foie Gras - Maison Godard, 125gr (jar)","rel":"","context":"Similar post","block_context":{"text":"Similar post","link":""},"img":{"alt_text":"","src":"https:\/\/i0.wp.com\/lefrenchquarter.com.au\/wp-content\/uploads\/2023\/01\/PateAncienne20FG_125.jpg?fit=700%2C706&ssl=1&resize=350%2C200","width":350,"height":200,"srcset":"https:\/\/i0.wp.com\/lefrenchquarter.com.au\/wp-content\/uploads\/2023\/01\/PateAncienne20FG_125.jpg?fit=700%2C706&ssl=1&resize=350%2C200 1x, https:\/\/i0.wp.com\/lefrenchquarter.com.au\/wp-content\/uploads\/2023\/01\/PateAncienne20FG_125.jpg?fit=700%2C706&ssl=1&resize=525%2C300 1.5x, https:\/\/i0.wp.com\/lefrenchquarter.com.au\/wp-content\/uploads\/2023\/01\/PateAncienne20FG_125.jpg?fit=700%2C706&ssl=1&resize=700%2C400 2x"},"classes":[]},{"id":4321,"url":"https:\/\/lefrenchquarter.com.au\/?product=whole-duck-foie-gras-from-the-southwest-of-france-maison-godard","url_meta":{"origin":5036,"position":2},"title":"Whole Duck Foie Gras Maison Godard \u2013 125 gr","author":"lefrenchquarter","date":"22 August 2021","format":false,"excerpt":"Whole Foie Gras (Foie Gras entier) from the South-West of France - Maison Godard , 125gr Glass Jar No coloring and no preservatives","rel":"","context":"Similar post","block_context":{"text":"Similar post","link":""},"img":{"alt_text":"","src":"https:\/\/i0.wp.com\/lefrenchquarter.com.au\/wp-content\/uploads\/2022\/01\/foie-gras-de-canard-entier-du-sud-ouest-en-bocal-godard.jpg?fit=800%2C800&ssl=1&resize=350%2C200","width":350,"height":200,"srcset":"https:\/\/i0.wp.com\/lefrenchquarter.com.au\/wp-content\/uploads\/2022\/01\/foie-gras-de-canard-entier-du-sud-ouest-en-bocal-godard.jpg?fit=800%2C800&ssl=1&resize=350%2C200 1x, https:\/\/i0.wp.com\/lefrenchquarter.com.au\/wp-content\/uploads\/2022\/01\/foie-gras-de-canard-entier-du-sud-ouest-en-bocal-godard.jpg?fit=800%2C800&ssl=1&resize=525%2C300 1.5x, https:\/\/i0.wp.com\/lefrenchquarter.com.au\/wp-content\/uploads\/2022\/01\/foie-gras-de-canard-entier-du-sud-ouest-en-bocal-godard.jpg?fit=800%2C800&ssl=1&resize=700%2C400 2x"},"classes":[]},{"id":4434,"url":"https:\/\/lefrenchquarter.com.au\/?product=whole-duck-foie-gras-maison-godard","url_meta":{"origin":5036,"position":3},"title":"Whole Duck Foie Gras Maison Godard \u2013 180gr","author":"rvphalippou","date":"23 January 2022","format":false,"excerpt":"Whole Foie Gras (Foie Gras entier) from the South-West of France - Maison Godard , 180gr Glass Jar No coloring and no preservatives.","rel":"","context":"Similar post","block_context":{"text":"Similar post","link":""},"img":{"alt_text":"","src":"https:\/\/i0.wp.com\/lefrenchquarter.com.au\/wp-content\/uploads\/2022\/01\/foie-gras-de-canard-entier-du-sud-ouest-en-bocal-godard.jpg?fit=800%2C800&ssl=1&resize=350%2C200","width":350,"height":200,"srcset":"https:\/\/i0.wp.com\/lefrenchquarter.com.au\/wp-content\/uploads\/2022\/01\/foie-gras-de-canard-entier-du-sud-ouest-en-bocal-godard.jpg?fit=800%2C800&ssl=1&resize=350%2C200 1x, https:\/\/i0.wp.com\/lefrenchquarter.com.au\/wp-content\/uploads\/2022\/01\/foie-gras-de-canard-entier-du-sud-ouest-en-bocal-godard.jpg?fit=800%2C800&ssl=1&resize=525%2C300 1.5x, https:\/\/i0.wp.com\/lefrenchquarter.com.au\/wp-content\/uploads\/2022\/01\/foie-gras-de-canard-entier-du-sud-ouest-en-bocal-godard.jpg?fit=800%2C800&ssl=1&resize=700%2C400 2x"},"classes":[]},{"id":4998,"url":"https:\/\/lefrenchquarter.com.au\/?product=whole-duck-foie-gras-with-jurancon-sweet-white-wine-90-gr","url_meta":{"origin":5036,"position":4},"title":"Whole Duck Foie Gras with Jurancon sweet white wine \u2013 90 gr","author":"rvphalippou","date":"18 January 2025","format":false,"excerpt":"Whole Foie Gras (Foie Gras entier) from the South-West of France with Jurancon wine - Maison Godard , 90gr Glass Jar No coloring and no preservatives","rel":"","context":"Similar post","block_context":{"text":"Similar post","link":""},"img":{"alt_text":"","src":"https:\/\/i0.wp.com\/lefrenchquarter.com.au\/wp-content\/uploads\/2025\/01\/foie-gras-de-canard-entier-du-perigord-au-jurancon-90g.jpg?fit=1200%2C1200&ssl=1&resize=350%2C200","width":350,"height":200,"srcset":"https:\/\/i0.wp.com\/lefrenchquarter.com.au\/wp-content\/uploads\/2025\/01\/foie-gras-de-canard-entier-du-perigord-au-jurancon-90g.jpg?fit=1200%2C1200&ssl=1&resize=350%2C200 1x, https:\/\/i0.wp.com\/lefrenchquarter.com.au\/wp-content\/uploads\/2025\/01\/foie-gras-de-canard-entier-du-perigord-au-jurancon-90g.jpg?fit=1200%2C1200&ssl=1&resize=525%2C300 1.5x, https:\/\/i0.wp.com\/lefrenchquarter.com.au\/wp-content\/uploads\/2025\/01\/foie-gras-de-canard-entier-du-perigord-au-jurancon-90g.jpg?fit=1200%2C1200&ssl=1&resize=700%2C400 2x, https:\/\/i0.wp.com\/lefrenchquarter.com.au\/wp-content\/uploads\/2025\/01\/foie-gras-de-canard-entier-du-perigord-au-jurancon-90g.jpg?fit=1200%2C1200&ssl=1&resize=1050%2C600 3x"},"classes":[]},{"id":5000,"url":"https:\/\/lefrenchquarter.com.au\/?product=whole-duck-foie-gras-with-monbazillac-sweet-white-wine-180-gr","url_meta":{"origin":5036,"position":5},"title":"Whole Duck Foie Gras with Monbazillac sweet white wine \u2013 180 gr","author":"rvphalippou","date":"18 January 2025","format":false,"excerpt":"Whole Foie Gras (Foie Gras entier) from the South-West of France with Monbazillac sweet white wine - Maison Godard, 180gr Glass Jar No coloring and no preservatives","rel":"","context":"Similar post","block_context":{"text":"Similar post","link":""},"img":{"alt_text":"","src":"https:\/\/i0.wp.com\/lefrenchquarter.com.au\/wp-content\/uploads\/2025\/01\/foie-gras-de-canard-entier-montbazillac180.jpg?fit=550%2C550&ssl=1&resize=350%2C200","width":350,"height":200,"srcset":"https:\/\/i0.wp.com\/lefrenchquarter.com.au\/wp-content\/uploads\/2025\/01\/foie-gras-de-canard-entier-montbazillac180.jpg?fit=550%2C550&ssl=1&resize=350%2C200 1x, https:\/\/i0.wp.com\/lefrenchquarter.com.au\/wp-content\/uploads\/2025\/01\/foie-gras-de-canard-entier-montbazillac180.jpg?fit=550%2C550&ssl=1&resize=525%2C300 1.5x"},"classes":[]}],"_links":{"self":[{"href":"https:\/\/lefrenchquarter.com.au\/index.php?rest_route=\/wp\/v2\/product\/5036","targetHints":{"allow":["GET"]}}],"collection":[{"href":"https:\/\/lefrenchquarter.com.au\/index.php?rest_route=\/wp\/v2\/product"}],"about":[{"href":"https:\/\/lefrenchquarter.com.au\/index.php?rest_route=\/wp\/v2\/types\/product"}],"replies":[{"embeddable":true,"href":"https:\/\/lefrenchquarter.com.au\/index.php?rest_route=%2Fwp%2Fv2%2Fcomments&post=5036"}],"wp:featuredmedia":[{"embeddable":true,"href":"https:\/\/lefrenchquarter.com.au\/index.php?rest_route=\/wp\/v2\/media\/5026"}],"wp:attachment":[{"href":"https:\/\/lefrenchquarter.com.au\/index.php?rest_route=%2Fwp%2Fv2%2Fmedia&parent=5036"}],"wp:term":[{"taxonomy":"product_cat","embeddable":true,"href":"https:\/\/lefrenchquarter.com.au\/index.php?rest_route=%2Fwp%2Fv2%2Fproduct_cat&post=5036"},{"taxonomy":"product_tag","embeddable":true,"href":"https:\/\/lefrenchquarter.com.au\/index.php?rest_route=%2Fwp%2Fv2%2Fproduct_tag&post=5036"}],"curies":[{"name":"wp","href":"https:\/\/api.w.org\/{rel}","templated":true}]}}